{"id":1062,"date":"2022-11-05T23:44:56","date_gmt":"2022-11-06T03:44:56","guid":{"rendered":"https:\/\/www.acbie.cl\/?page_id=1062"},"modified":"2022-11-17T14:20:04","modified_gmt":"2022-11-17T18:20:04","slug":"trayectoria","status":"publish","type":"page","link":"https:\/\/www.acbie.cl\/?page_id=1062","title":{"rendered":"Trayectoria"},"content":{"rendered":"<p><!--themify_builder_static--><\/p>\n<h1>Trayectoria<\/h1>\n<h2>CENTRO DE INVESTIGACI\u00d3N ACBIE LTDA<\/h2>\n<p>La trayectoria que se presenta a continuaci\u00f3n se\u00f1ala la experiencia que ha desarrollado el <strong>Centro de Investigaci\u00f3n A.C.B.I.E Ltda<\/strong>, en la ejecuci\u00f3n de servicios vinculados con la capacitaci\u00f3n docente en interpretaci\u00f3n del programa de estudio y dise\u00f1o de instrumentos de evaluaci\u00f3n.<\/p>\n<ul>\n<li id=\"timeline-0\"> Curic\u00f3 &#8211; 2022 <i><svg aria-hidden=\"true\"><use href=\"#tf-fas-calendar-check\"><\/use><\/svg><\/i><br \/>\n<h2> Departamento de Educaci\u00f3n Ilustre Municipalidad de Curic\u00f3. <\/h2>\n<p>Capacitaci\u00f3n en interpretaci\u00f3n del programa de estudio y dise\u00f1o de instrumentos de evaluaci\u00f3n de unidades did\u00e1cticas para jefes t\u00e9cnicos y coordinadores PIE de cuarenta y dos centros educativos.<\/p>\n<\/li>\n<li id=\"timeline-1\"> Curic\u00f3 &#8211; 2022 <i><svg aria-hidden=\"true\"><use href=\"#tf-fas-calendar-check\"><\/use><\/svg><\/i><br \/>\n<h2> Jefes T\u00e9cnicos de Escuelas: La Obra, El Boldo. <\/h2>\n<p>Capacitaci\u00f3n para equipos t\u00e9cnicos en decreto 67, interpretaci\u00f3n curricular, dise\u00f1o y construcci\u00f3n de pruebas y r\u00fabricas. <\/p>\n<\/li>\n<li id=\"timeline-2\"> La Higuera &#8211; 2019 <i><svg aria-hidden=\"true\"><use href=\"#tf-fas-calendar-check\"><\/use><\/svg><\/i><br \/>\n<h2> Escuela Pedro Pablo Mu\u00f1oz, Ilustre Municipalidad de La Higuera. <\/h2>\n<p>Escuela Pedro Pablo Mu\u00f1oz, Ilustre Municipalidad de La Higuera.<\/p>\n<\/li>\n<li id=\"timeline-3\"> La Higuera &#8211; 2019 <i><svg aria-hidden=\"true\"><use href=\"#tf-fas-calendar-check\"><\/use><\/svg><\/i><br \/>\n<h2> Departamento de Educaci\u00f3n, Ilustre Municipalidad de La Higuera. <\/h2>\n<p>Asesor\u00eda y acompa\u00f1amiento t\u00e9cnico para el dise\u00f1o y elaboraci\u00f3n del Proyecto Educativo Institucional del nuevo colegio t\u00e9cnico profesional Pedro Pablo Mu\u00f1oz.<\/p>\n<\/li>\n<li id=\"timeline-4\"> Ovalle &#8211; 2019 <i><svg aria-hidden=\"true\"><use href=\"#tf-fas-calendar-check\"><\/use><\/svg><\/i><br \/>\n<h2> Red N\u00ba1, Ilustre Municipalidad de Ovalle. <\/h2>\n<p>Capacitaci\u00f3n interpretaci\u00f3n curricular, dise\u00f1o de instrumento de evaluaci\u00f3n, dirigida a\u00a0 docentes de doce escuelas rurales de la red n\u00b01 de Ovalle.<\/p>\n<\/li>\n<li id=\"timeline-5\"> Ovalle &#8211; 2019 <i><svg aria-hidden=\"true\"><use href=\"#tf-fas-calendar-check\"><\/use><\/svg><\/i><br \/>\n<h2> Escuela Arturo Villal\u00f3n, Ilustre Municipalidad de Ovalle. <\/h2>\n<p>Capacitaci\u00f3n y acompa\u00f1amiento t\u00e9cnico en apropiaci\u00f3n curricular y dise\u00f1o de instrumentos de evaluaci\u00f3n; elaboraci\u00f3n de tabla de especificaciones, criterios de validaci\u00f3n de una prueba objetiva.<\/p>\n<\/li>\n<li id=\"timeline-6\"> Ovalle &#8211; 2019 <i><svg aria-hidden=\"true\"><use href=\"#tf-fas-calendar-check\"><\/use><\/svg><\/i><br \/>\n<h2> Escuela Bernardo O\u2019Higgins, Ilustre Municipalidad de Ovalle. <\/h2>\n<p>Capacitaci\u00f3n y acompa\u00f1amiento t\u00e9cnico en apropiaci\u00f3n curricular y dise\u00f1o de instrumentos de evaluaci\u00f3n; elaboraci\u00f3n de tabla de especificaciones, criterios de validaci\u00f3n de una prueba objetiva.<\/p>\n<\/li>\n<li id=\"timeline-7\"> Ovalle &#8211; 2019 <i><svg aria-hidden=\"true\"><use href=\"#tf-fas-calendar-check\"><\/use><\/svg><\/i><br \/>\n<h2> Marcos Macuada, Ilustre Municipalidad de Ovalle. <\/h2>\n<p>Capacitaci\u00f3n y acompa\u00f1amiento t\u00e9cnico en apropiaci\u00f3n curricular y dise\u00f1o de instrumentos de evaluaci\u00f3n; elaboraci\u00f3n de tabla de especificaciones, criterios de validaci\u00f3n de una prueba objetiva.<\/p>\n<\/li>\n<li id=\"timeline-8\"> Curic\u00f3 &#8211; 2018 <i><svg aria-hidden=\"true\"><use href=\"#tf-fas-calendar-check\"><\/use><\/svg><\/i><br \/>\n<h2> El Boldo, Ilustre Municipalidad de Curic\u00f3 <\/h2>\n<p>Capacitaci\u00f3n y acompa\u00f1amiento t\u00e9cnico en apropiaci\u00f3n curricular y dise\u00f1o de instrumentos de evaluaci\u00f3n; elaboraci\u00f3n de tabla de especificaciones, criterios de validaci\u00f3n de una prueba objetiva.<\/p>\n<\/li>\n<li id=\"timeline-9\"> Curic\u00f3 &#8211; 2018 <i><svg aria-hidden=\"true\"><use href=\"#tf-fas-calendar-check\"><\/use><\/svg><\/i><br \/>\n<h2> Escuela Espa\u00f1a y Palestina, Ilustre Municipalidad de Curic\u00f3. <\/h2>\n<p>Capacitaci\u00f3n en dise\u00f1o y construcci\u00f3n de instrumentos de evaluaci\u00f3n, dirigida a los docentes de la escuela Espa\u00f1a y Palestina, con la participaci\u00f3n de equipos t\u00e9cnicos de treinta Centros Educativos del DEM de Curic\u00f3.<\/p>\n<\/li>\n<li id=\"timeline-10\"> Ovalle &#8211; 2018 <i><svg aria-hidden=\"true\"><use href=\"#tf-fas-calendar-check\"><\/use><\/svg><\/i><br \/>\n<h2> Vista Hermosa, Ilustre Municipalidad de Ovalle. <\/h2>\n<p>Capacitaci\u00f3n y acompa\u00f1amiento t\u00e9cnico en apropiaci\u00f3n curricular y dise\u00f1o de instrumentos de evaluaci\u00f3n; elaboraci\u00f3n de tabla de especificaciones, criterios de validaci\u00f3n de una prueba objetiva.<\/p>\n<\/li>\n<li id=\"timeline-11\"> Ovalle &#8211; 2018 <i><svg aria-hidden=\"true\"><use href=\"#tf-fas-calendar-check\"><\/use><\/svg><\/i><br \/>\n<h2> Escuela Helene Lang, Ilustre Municipalidad de Ovalle. <\/h2>\n<p>Capacitaci\u00f3n y acompa\u00f1amiento t\u00e9cnico con en apropiaci\u00f3n curricular y dise\u00f1o de instrumentos de evaluaci\u00f3n; elaboraci\u00f3n de tabla de especificaciones, criterios de validaci\u00f3n de una prueba objetiva.<\/p>\n<\/li>\n<li id=\"timeline-12\"> La Serena &#8211; 2017 <i><svg aria-hidden=\"true\"><use href=\"#tf-fas-calendar-check\"><\/use><\/svg><\/i><br \/>\n<h2> Colegio La Misi\u00f3n, La Serena. <\/h2>\n<p>Capacitaci\u00f3n y acompa\u00f1amiento t\u00e9cnico con en apropiaci\u00f3n curricular y dise\u00f1o de instrumentos de evaluaci\u00f3n; elaboraci\u00f3n de tabla de especificaciones, criterios de validaci\u00f3n de una prueba objetiva.<\/p>\n<\/li>\n<li id=\"timeline-13\"> La Serena &#8211; 2017 <i><svg aria-hidden=\"true\"><use href=\"#tf-fas-calendar-check\"><\/use><\/svg><\/i><br \/>\n<h2> Colegio La Misi\u00f3n, La Serena. <\/h2>\n<p>Capacitaci\u00f3n y acompa\u00f1amiento t\u00e9cnico en el Dise\u00f1o Universal para el Aprendizaje.<\/p>\n<\/li>\n<li id=\"timeline-14\"> Ovalle &#8211; 2017 <i><svg aria-hidden=\"true\"><use href=\"#tf-fas-calendar-check\"><\/use><\/svg><\/i><br \/>\n<h2> Heberto Vel\u00e1zquez, Ilustre Municipalidad de Ovalle. <\/h2>\n<p>Capacitaci\u00f3n y acompa\u00f1amiento t\u00e9cnico con en apropiaci\u00f3n curricular y dise\u00f1o de instrumentos de evaluaci\u00f3n; elaboraci\u00f3n de tabla de especificaciones, criterios de validaci\u00f3n de una prueba objetiva.<\/p>\n<\/li>\n<li id=\"timeline-15\"> Ovalle &#8211; 2017 <i><svg aria-hidden=\"true\"><use href=\"#tf-fas-calendar-check\"><\/use><\/svg><\/i><br \/>\n<h2> Red de equipos t\u00e9cnicos de escuelas polidocentes de, Ilustre Municipalidad de Ovalle. <\/h2>\n<p>Capacitaci\u00f3n y acompa\u00f1amiento t\u00e9cnico en apropiaci\u00f3n curricular y dise\u00f1o de instrumentos de evaluaci\u00f3n; elaboraci\u00f3n de tabla de especificaciones, criterios de validaci\u00f3n de una prueba objetiva, dirigida a directores y jefes t\u00e9cnicos de cincuenta y cuatro escuelas y liceos del DEM de Ovalle.<\/p>\n<\/li>\n<li id=\"timeline-16\"> Huasco &#8211; 2016 <i><svg aria-hidden=\"true\"><use href=\"#tf-fas-calendar-check\"><\/use><\/svg><\/i><br \/>\n<h2> Colegio English College, Huasco. <\/h2>\n<p>Capacitaci\u00f3n y acompa\u00f1amiento t\u00e9cnico con en apropiaci\u00f3n curricular y dise\u00f1o de instrumentos de evaluaci\u00f3n; elaboraci\u00f3n de tabla de especificaciones, criterios de validaci\u00f3n de una prueba objetiva.<\/p>\n<\/li>\n<li id=\"timeline-17\"> Huasco &#8211; 2016 <i><svg aria-hidden=\"true\"><use href=\"#tf-fas-calendar-check\"><\/use><\/svg><\/i><br \/>\n<h2> Colegio English College, Huasco. <\/h2>\n<p>Asesor\u00eda para equipos t\u00e9cnicos en apropiaci\u00f3n, dise\u00f1o, planificaci\u00f3n, implementaci\u00f3n, monitoreo, seguimiento y evaluaci\u00f3n del Plan de Mejoramiento Educativo.<\/p>\n<\/li>\n<li id=\"timeline-18\"> Ovalle &#8211; 2016 <i><svg aria-hidden=\"true\"><use href=\"#tf-fas-calendar-check\"><\/use><\/svg><\/i><br \/>\n<h2> Escuelas Focalizadas, Ilustre Municipalidad de Ovalle. <\/h2>\n<p>Intervenci\u00f3n diagn\u00f3stica, preparaci\u00f3n y evaluaci\u00f3n en apropiaci\u00f3n curricular dirigido a escuelas clasificadas en la categor\u00eda recuperaci\u00f3n.<\/p>\n<\/li>\n<li id=\"timeline-19\"> Andacollo &#8211; 2014 <i><svg aria-hidden=\"true\"><use href=\"#tf-fas-calendar-check\"><\/use><\/svg><\/i><br \/>\n<h2> Plan de Superaci\u00f3n, Ilustre Municipalidad de Andacollo. <\/h2>\n<p>Desarrollo de Plan de Superaci\u00f3n profesional, para mejorar las capacidades docentes en el dise\u00f1o de instrumento de evaluaci\u00f3n y an\u00e1lisis de resultados.<\/p>\n<\/li>\n<li id=\"timeline-20\"> Copiap\u00f3 &#8211; 2012 <i><svg aria-hidden=\"true\"><use href=\"#tf-fas-calendar-check\"><\/use><\/svg><\/i><br \/>\n<h2> Escuela Luis Cruz Mart\u00ednez. <\/h2>\n<p>Asesor\u00eda y acompa\u00f1amiento t\u00e9cnico a docentes y equipo t\u00e9cnico de la escuela Luis Cruz Mart\u00ednez, en interpretaci\u00f3n del nivel de logro de\u00a0 los reactivos que componen un instrumento de evaluaci\u00f3n (inicial, intermedio, avanzado).<\/p>\n<\/li>\n<\/ul>\n<p><!--\/themify_builder_static--><\/p>\n","protected":false},"excerpt":{"rendered":"<p>Trayectoria CENTRO DE INVESTIGACI\u00d3N ACBIE LTDA La trayectoria que se presenta a continuaci\u00f3n se\u00f1ala la experiencia que ha desarrollado el Centro de Investigaci\u00f3n A.C.B.I.E Ltda, en la ejecuci\u00f3n de servicios vinculados con la capacitaci\u00f3n docente en interpretaci\u00f3n del programa de estudio y dise\u00f1o de instrumentos de evaluaci\u00f3n. Curic\u00f3 &#8211; 2022 Departamento de Educaci\u00f3n Ilustre Municipalidad [&hellip;]<\/p>\n","protected":false},"author":1,"featured_media":0,"parent":0,"menu_order":0,"comment_status":"closed","ping_status":"closed","template":"","meta":{"footnotes":""},"class_list":["post-1062","page","type-page","status-publish","hentry","has-post-title","has-post-date","has-post-category","has-post-tag","has-post-comment","has-post-author",""],"builder_content":"<h1>Trayectoria<\/h1>\n<h2>CENTRO DE INVESTIGACI\u00d3N ACBIE LTDA<\/h2>\n<p>La trayectoria que se presenta a continuaci\u00f3n se\u00f1ala la experiencia que ha desarrollado el <strong>Centro de Investigaci\u00f3n A.C.B.I.E Ltda<\/strong>, en la ejecuci\u00f3n de servicios vinculados con la capacitaci\u00f3n docente en interpretaci\u00f3n del programa de estudio y dise\u00f1o de instrumentos de evaluaci\u00f3n.<\/p>","_links":{"self":[{"href":"https:\/\/www.acbie.cl\/index.php?rest_route=\/wp\/v2\/pages\/1062","targetHints":{"allow":["GET"]}}],"collection":[{"href":"https:\/\/www.acbie.cl\/index.php?rest_route=\/wp\/v2\/pages"}],"about":[{"href":"https:\/\/www.acbie.cl\/index.php?rest_route=\/wp\/v2\/types\/page"}],"author":[{"embeddable":true,"href":"https:\/\/www.acbie.cl\/index.php?rest_route=\/wp\/v2\/users\/1"}],"replies":[{"embeddable":true,"href":"https:\/\/www.acbie.cl\/index.php?rest_route=%2Fwp%2Fv2%2Fcomments&post=1062"}],"version-history":[{"count":24,"href":"https:\/\/www.acbie.cl\/index.php?rest_route=\/wp\/v2\/pages\/1062\/revisions"}],"predecessor-version":[{"id":1197,"href":"https:\/\/www.acbie.cl\/index.php?rest_route=\/wp\/v2\/pages\/1062\/revisions\/1197"}],"wp:attachment":[{"href":"https:\/\/www.acbie.cl\/index.php?rest_route=%2Fwp%2Fv2%2Fmedia&parent=1062"}],"curies":[{"name":"wp","href":"https:\/\/api.w.org\/{rel}","templated":true}]}}